{"id":5512,"date":"2025-02-03T10:22:38","date_gmt":"2025-02-03T09:22:38","guid":{"rendered":"https:\/\/vonarx-marketing.com\/?page_id=5512"},"modified":"2025-02-03T11:15:55","modified_gmt":"2025-02-03T10:15:55","slug":"swiss-ski","status":"publish","type":"page","link":"https:\/\/vonarx-marketing.com\/en\/projekte\/swiss-ski\/","title":{"rendered":"Swiss Ski"},"content":{"rendered":"<div id=\"cs-content\" class=\"cs-content\"><\/div>\n","protected":false},"excerpt":{"rendered":"<p>Swiss Ski Auf die Piste, fertig, los! \u26f7\ufe0f Ads f\u00fcr die n\u00e4chste Generation.Mehr \u00fcber den Kunden Swiss-Ski ist der offizielle Schweizer Skiverband und f\u00f6rdert den Schneesport in der Schweiz auf &#8230;<\/p>\n","protected":false},"author":1,"featured_media":0,"parent":4741,"menu_order":0,"comment_status":"closed","ping_status":"closed","template":"template-blank-4.php","meta":{"footnotes":""},"class_list":["post-5512","page","type-page","status-publish","hentry","no-post-thumbnail"],"_links":{"self":[{"href":"https:\/\/vonarx-marketing.com\/en\/wp-json\/wp\/v2\/pages\/5512"}],"collection":[{"href":"https:\/\/vonarx-marketing.com\/en\/wp-json\/wp\/v2\/pages"}],"about":[{"href":"https:\/\/vonarx-marketing.com\/en\/wp-json\/wp\/v2\/types\/page"}],"author":[{"embeddable":true,"href":"https:\/\/vonarx-marketing.com\/en\/wp-json\/wp\/v2\/users\/1"}],"replies":[{"embeddable":true,"href":"https:\/\/vonarx-marketing.com\/en\/wp-json\/wp\/v2\/comments?post=5512"}],"version-history":[{"count":4,"href":"https:\/\/vonarx-marketing.com\/en\/wp-json\/wp\/v2\/pages\/5512\/revisions"}],"predecessor-version":[{"id":5526,"href":"https:\/\/vonarx-marketing.com\/en\/wp-json\/wp\/v2\/pages\/5512\/revisions\/5526"}],"up":[{"embeddable":true,"href":"https:\/\/vonarx-marketing.com\/en\/wp-json\/wp\/v2\/pages\/4741"}],"wp:attachment":[{"href":"https:\/\/vonarx-marketing.com\/en\/wp-json\/wp\/v2\/media?parent=5512"}],"curies":[{"name":"wp","href":"https:\/\/api.w.org\/{rel}","templated":true}]}}