{"id":5090,"date":"2024-02-28T12:07:00","date_gmt":"2024-02-28T11:07:00","guid":{"rendered":"https:\/\/vonarx-marketing.com\/?page_id=5090"},"modified":"2025-03-11T11:46:58","modified_gmt":"2025-03-11T10:46:58","slug":"coiffure-suisse","status":"publish","type":"page","link":"https:\/\/vonarx-marketing.com\/en\/projekte\/coiffure-suisse\/","title":{"rendered":"Coiffure Suisse"},"content":{"rendered":"<div id=\"cs-content\" class=\"cs-content\"><\/div>\n","protected":false},"excerpt":{"rendered":"<p>Coiffure Suisse Ob beim Tanzen oder stilvoll im Alltag &#8211; Dein Styling spiegelt, wer Du bist. Unsere nationale Imagekampagne f\u00fcr Coiffure SuisseMehr \u00fcber den Kunden Beste Rahmenbedingungen f\u00fcr Coiffeurunternehmer\/innen sind &#8230;<\/p>\n","protected":false},"author":1,"featured_media":0,"parent":4741,"menu_order":0,"comment_status":"closed","ping_status":"closed","template":"template-blank-4.php","meta":{"footnotes":""},"class_list":["post-5090","page","type-page","status-publish","hentry","no-post-thumbnail"],"_links":{"self":[{"href":"https:\/\/vonarx-marketing.com\/en\/wp-json\/wp\/v2\/pages\/5090"}],"collection":[{"href":"https:\/\/vonarx-marketing.com\/en\/wp-json\/wp\/v2\/pages"}],"about":[{"href":"https:\/\/vonarx-marketing.com\/en\/wp-json\/wp\/v2\/types\/page"}],"author":[{"embeddable":true,"href":"https:\/\/vonarx-marketing.com\/en\/wp-json\/wp\/v2\/users\/1"}],"replies":[{"embeddable":true,"href":"https:\/\/vonarx-marketing.com\/en\/wp-json\/wp\/v2\/comments?post=5090"}],"version-history":[{"count":24,"href":"https:\/\/vonarx-marketing.com\/en\/wp-json\/wp\/v2\/pages\/5090\/revisions"}],"predecessor-version":[{"id":5547,"href":"https:\/\/vonarx-marketing.com\/en\/wp-json\/wp\/v2\/pages\/5090\/revisions\/5547"}],"up":[{"embeddable":true,"href":"https:\/\/vonarx-marketing.com\/en\/wp-json\/wp\/v2\/pages\/4741"}],"wp:attachment":[{"href":"https:\/\/vonarx-marketing.com\/en\/wp-json\/wp\/v2\/media?parent=5090"}],"curies":[{"name":"wp","href":"https:\/\/api.w.org\/{rel}","templated":true}]}}