{"id":5031,"date":"2023-12-11T14:10:35","date_gmt":"2023-12-11T13:10:35","guid":{"rendered":"https:\/\/vonarx-marketing.com\/?page_id=5031"},"modified":"2025-01-20T10:59:15","modified_gmt":"2025-01-20T09:59:15","slug":"sos-kinderdorf","status":"publish","type":"page","link":"https:\/\/vonarx-marketing.com\/en\/projects\/sos-kinderdorf\/","title":{"rendered":"SOS Kinderdorf"},"content":{"rendered":"<div id=\"cs-content\" class=\"cs-content\"><\/div>\n","protected":false},"excerpt":{"rendered":"<p>Stiftung SOS-Kinderdorf Schweiz Ad Creation f\u00fcr einen guten ZweckPlanst Du ein &auml;hnliches Projekt? \ud83d\udc49\u00dcber den Kunden SOS-Kinderdorf ist eine unabh\u00e4ngige, nichtstaatliche und gemeinn\u00fctzige internationale Entwicklungsorganisation. Die Organisation leistet humanit\u00e4re und &#8230;<\/p>\n","protected":false},"author":1,"featured_media":0,"parent":4832,"menu_order":0,"comment_status":"closed","ping_status":"closed","template":"template-blank-4.php","meta":{"footnotes":""},"class_list":["post-5031","page","type-page","status-publish","hentry","no-post-thumbnail"],"_links":{"self":[{"href":"https:\/\/vonarx-marketing.com\/en\/wp-json\/wp\/v2\/pages\/5031"}],"collection":[{"href":"https:\/\/vonarx-marketing.com\/en\/wp-json\/wp\/v2\/pages"}],"about":[{"href":"https:\/\/vonarx-marketing.com\/en\/wp-json\/wp\/v2\/types\/page"}],"author":[{"embeddable":true,"href":"https:\/\/vonarx-marketing.com\/en\/wp-json\/wp\/v2\/users\/1"}],"replies":[{"embeddable":true,"href":"https:\/\/vonarx-marketing.com\/en\/wp-json\/wp\/v2\/comments?post=5031"}],"version-history":[{"count":7,"href":"https:\/\/vonarx-marketing.com\/en\/wp-json\/wp\/v2\/pages\/5031\/revisions"}],"predecessor-version":[{"id":5489,"href":"https:\/\/vonarx-marketing.com\/en\/wp-json\/wp\/v2\/pages\/5031\/revisions\/5489"}],"up":[{"embeddable":true,"href":"https:\/\/vonarx-marketing.com\/en\/wp-json\/wp\/v2\/pages\/4832"}],"wp:attachment":[{"href":"https:\/\/vonarx-marketing.com\/en\/wp-json\/wp\/v2\/media?parent=5031"}],"curies":[{"name":"wp","href":"https:\/\/api.w.org\/{rel}","templated":true}]}}