{"id":2041,"date":"2019-10-29T16:01:02","date_gmt":"2019-10-29T15:01:02","guid":{"rendered":"https:\/\/vonarx-marketing.com\/?page_id=2041"},"modified":"2023-05-23T09:12:10","modified_gmt":"2023-05-23T07:12:10","slug":"swipe-cube","status":"publish","type":"page","link":"https:\/\/vonarx-marketing.com\/en\/swipe-cube\/","title":{"rendered":"Swipe Cube"},"content":{"rendered":"<div id=\"cs-content\" class=\"cs-content\"><\/div>\n","protected":false},"excerpt":{"rendered":"<p>&nbsp;&nbsp;Display Banner3D Swipe CubeBei diesem interaktiven Format k\u00f6nnen 4 Fl\u00e4chen in Form eines W\u00fcrfels bespielt werden. Der Swipe-Effekt erh\u00f6ht die Interaktion mit dem Werbemittel. &nbsp;Live Vorschau&nbsp;&nbsp;SpezifikationenUnterst\u00fctzte Ger\u00e4te: Mobilger\u00e4te Banner Gr\u00f6sse: &#8230;<\/p>\n","protected":false},"author":1,"featured_media":0,"parent":0,"menu_order":0,"comment_status":"closed","ping_status":"closed","template":"template-blank-6.php","meta":{"footnotes":""},"class_list":["post-2041","page","type-page","status-publish","hentry","no-post-thumbnail"],"_links":{"self":[{"href":"https:\/\/vonarx-marketing.com\/en\/wp-json\/wp\/v2\/pages\/2041"}],"collection":[{"href":"https:\/\/vonarx-marketing.com\/en\/wp-json\/wp\/v2\/pages"}],"about":[{"href":"https:\/\/vonarx-marketing.com\/en\/wp-json\/wp\/v2\/types\/page"}],"author":[{"embeddable":true,"href":"https:\/\/vonarx-marketing.com\/en\/wp-json\/wp\/v2\/users\/1"}],"replies":[{"embeddable":true,"href":"https:\/\/vonarx-marketing.com\/en\/wp-json\/wp\/v2\/comments?post=2041"}],"version-history":[{"count":9,"href":"https:\/\/vonarx-marketing.com\/en\/wp-json\/wp\/v2\/pages\/2041\/revisions"}],"predecessor-version":[{"id":4115,"href":"https:\/\/vonarx-marketing.com\/en\/wp-json\/wp\/v2\/pages\/2041\/revisions\/4115"}],"wp:attachment":[{"href":"https:\/\/vonarx-marketing.com\/en\/wp-json\/wp\/v2\/media?parent=2041"}],"curies":[{"name":"wp","href":"https:\/\/api.w.org\/{rel}","templated":true}]}}