{"id":1961,"date":"2019-10-24T08:42:39","date_gmt":"2019-10-24T06:42:39","guid":{"rendered":"https:\/\/vonarx-marketing.com\/?page_id=1961"},"modified":"2023-03-02T09:10:52","modified_gmt":"2023-03-02T08:10:52","slug":"leadgen","status":"publish","type":"page","link":"https:\/\/vonarx-marketing.com\/en\/leadgen\/","title":{"rendered":"LeadGen"},"content":{"rendered":"<div id=\"cs-content\" class=\"cs-content\"><\/div>\n","protected":false},"excerpt":{"rendered":"<p>&nbsp;&nbsp;Display BannerLeadGenWarum User auf eine Webseite verweisen, wenn Sie die wichtigsten Daten direkt in der Anzeige sammeln k\u00f6nnen? Unser Extra \u00abLeadGen\u00bb wurde genau daf\u00fcr entwickelt. &nbsp;&nbsp;&nbsp;&nbsp;SpezifikationenUnterst\u00fctzte Ger\u00e4te: Desktop, Tablet, Mobile &#8230;<\/p>\n","protected":false},"author":1,"featured_media":0,"parent":0,"menu_order":0,"comment_status":"closed","ping_status":"closed","template":"template-blank-6.php","meta":{"footnotes":""},"class_list":["post-1961","page","type-page","status-publish","hentry","no-post-thumbnail"],"_links":{"self":[{"href":"https:\/\/vonarx-marketing.com\/en\/wp-json\/wp\/v2\/pages\/1961"}],"collection":[{"href":"https:\/\/vonarx-marketing.com\/en\/wp-json\/wp\/v2\/pages"}],"about":[{"href":"https:\/\/vonarx-marketing.com\/en\/wp-json\/wp\/v2\/types\/page"}],"author":[{"embeddable":true,"href":"https:\/\/vonarx-marketing.com\/en\/wp-json\/wp\/v2\/users\/1"}],"replies":[{"embeddable":true,"href":"https:\/\/vonarx-marketing.com\/en\/wp-json\/wp\/v2\/comments?post=1961"}],"version-history":[{"count":7,"href":"https:\/\/vonarx-marketing.com\/en\/wp-json\/wp\/v2\/pages\/1961\/revisions"}],"predecessor-version":[{"id":3719,"href":"https:\/\/vonarx-marketing.com\/en\/wp-json\/wp\/v2\/pages\/1961\/revisions\/3719"}],"wp:attachment":[{"href":"https:\/\/vonarx-marketing.com\/en\/wp-json\/wp\/v2\/media?parent=1961"}],"curies":[{"name":"wp","href":"https:\/\/api.w.org\/{rel}","templated":true}]}}