{"id":1868,"date":"2019-10-21T09:13:43","date_gmt":"2019-10-21T07:13:43","guid":{"rendered":"https:\/\/vonarx-marketing.com\/?page_id=1868"},"modified":"2023-05-23T09:09:53","modified_gmt":"2023-05-23T07:09:53","slug":"halfpage-ad","status":"publish","type":"page","link":"https:\/\/vonarx-marketing.com\/en\/halfpage-ad\/","title":{"rendered":"Halfpage Ad"},"content":{"rendered":"<div id=\"cs-content\" class=\"cs-content\"><\/div>\n","protected":false},"excerpt":{"rendered":"<p>&nbsp;&nbsp;Display BannerHalfpage AdDank dem grossz\u00fcgigen Format (300&#215;600 Pixel) ist der Halfpage Banner gr\u00f6sser und auff\u00e4lliger als andere Werbeformen und bietet viel Platz f\u00fcr kreative Kampagnen. &nbsp;Live Vorschau (Desktop)&nbsp;&nbsp;SpezifikationenUnterst\u00fctzte Ger\u00e4te: Desktop, &#8230;<\/p>\n","protected":false},"author":1,"featured_media":0,"parent":0,"menu_order":0,"comment_status":"closed","ping_status":"closed","template":"template-blank-6.php","meta":{"footnotes":""},"class_list":["post-1868","page","type-page","status-publish","hentry","no-post-thumbnail"],"_links":{"self":[{"href":"https:\/\/vonarx-marketing.com\/en\/wp-json\/wp\/v2\/pages\/1868"}],"collection":[{"href":"https:\/\/vonarx-marketing.com\/en\/wp-json\/wp\/v2\/pages"}],"about":[{"href":"https:\/\/vonarx-marketing.com\/en\/wp-json\/wp\/v2\/types\/page"}],"author":[{"embeddable":true,"href":"https:\/\/vonarx-marketing.com\/en\/wp-json\/wp\/v2\/users\/1"}],"replies":[{"embeddable":true,"href":"https:\/\/vonarx-marketing.com\/en\/wp-json\/wp\/v2\/comments?post=1868"}],"version-history":[{"count":17,"href":"https:\/\/vonarx-marketing.com\/en\/wp-json\/wp\/v2\/pages\/1868\/revisions"}],"predecessor-version":[{"id":4109,"href":"https:\/\/vonarx-marketing.com\/en\/wp-json\/wp\/v2\/pages\/1868\/revisions\/4109"}],"wp:attachment":[{"href":"https:\/\/vonarx-marketing.com\/en\/wp-json\/wp\/v2\/media?parent=1868"}],"curies":[{"name":"wp","href":"https:\/\/api.w.org\/{rel}","templated":true}]}}