{"id":1754,"date":"2019-10-17T08:11:12","date_gmt":"2019-10-17T06:11:12","guid":{"rendered":"https:\/\/vonarx-marketing.com\/?page_id=1754"},"modified":"2023-05-23T09:11:00","modified_gmt":"2023-05-23T07:11:00","slug":"leaderboard","status":"publish","type":"page","link":"https:\/\/vonarx-marketing.com\/en\/leaderboard\/","title":{"rendered":"Leaderboard"},"content":{"rendered":"<div id=\"cs-content\" class=\"cs-content\"><\/div>\n","protected":false},"excerpt":{"rendered":"<p>&nbsp;&nbsp;Display BannerLeaderboardDas Leaderboard geh\u00f6rt zu den erfolgreichsten Banner Formaten \u00fcberhaupt. Mit einer Dimension von 728 x 90 Pixel und der prominenten Positionierung meistens am oberen Seitenrand erh\u00e4lt das Leaderboard besondere &#8230;<\/p>\n","protected":false},"author":1,"featured_media":0,"parent":0,"menu_order":0,"comment_status":"closed","ping_status":"closed","template":"template-blank-6.php","meta":{"footnotes":""},"class_list":["post-1754","page","type-page","status-publish","hentry","no-post-thumbnail"],"_links":{"self":[{"href":"https:\/\/vonarx-marketing.com\/en\/wp-json\/wp\/v2\/pages\/1754"}],"collection":[{"href":"https:\/\/vonarx-marketing.com\/en\/wp-json\/wp\/v2\/pages"}],"about":[{"href":"https:\/\/vonarx-marketing.com\/en\/wp-json\/wp\/v2\/types\/page"}],"author":[{"embeddable":true,"href":"https:\/\/vonarx-marketing.com\/en\/wp-json\/wp\/v2\/users\/1"}],"replies":[{"embeddable":true,"href":"https:\/\/vonarx-marketing.com\/en\/wp-json\/wp\/v2\/comments?post=1754"}],"version-history":[{"count":11,"href":"https:\/\/vonarx-marketing.com\/en\/wp-json\/wp\/v2\/pages\/1754\/revisions"}],"predecessor-version":[{"id":4111,"href":"https:\/\/vonarx-marketing.com\/en\/wp-json\/wp\/v2\/pages\/1754\/revisions\/4111"}],"wp:attachment":[{"href":"https:\/\/vonarx-marketing.com\/en\/wp-json\/wp\/v2\/media?parent=1754"}],"curies":[{"name":"wp","href":"https:\/\/api.w.org\/{rel}","templated":true}]}}