{"id":1043,"date":"2018-04-20T09:45:39","date_gmt":"2018-04-20T07:45:39","guid":{"rendered":"https:\/\/vonarx-marketing.com\/cookie-policy\/"},"modified":"2024-03-07T10:17:19","modified_gmt":"2024-03-07T09:17:19","slug":"datenschutz","status":"publish","type":"page","link":"https:\/\/vonarx-marketing.com\/en\/datenschutz\/","title":{"rendered":"Datenschutz"},"content":{"rendered":"<p><strong>Grunds\u00e4tzliches<br \/>\n<\/strong>Erfahre mehr \u00fcber die Website sowie die Datenverarbeitung auf vonarx-marketing.ch. Datenschutz hat bei von Arx Marketing einen hohen Stellenwert. Wir erheben, verarbeiten und nutzen personenbezogene Daten der Nutzer nur unter Einhaltung der einschl\u00e4gigen Datenschutzbestimmungen. Das bedeutet, die Daten der Nutzer werden nur beim Vorliegen einer gesetzlichen Erlaubnis oder Vorliegen einer Einwilligung verwendet.<\/p>\n<p><strong>Verantwortlichkeiten<br \/>\n<\/strong>Verantwortliches Unternehmen f\u00fcr die Verwendung von personenbezogenen Daten und f\u00fcr den entsprechenden Datenschutz ist:<\/p>\n<p>von Arx Marketing<br \/>\nc\/o Coworkingspace LASPACE<br \/>\nEisenbahnstrasse 25<br \/>\nCH-4900 Langenthal<br \/>\nEmail: hello[at]vonarx-marketing.ch<\/p>\n<p><strong>Newsletter<\/strong><br \/>\nWir versenden Newsletter, E-Mails und weitere elektronische Benachrichtigungen mit werblichen Informationen (nachfolgend \u201eNewsletter\u201c) nur mit der Einwilligung der Empf\u00e4nger. Der Newsletterversand erfolgt durch den Versanddienstleister MailChimp, The Rocket Science Group, LLC, 675 Ponce de Leon Ave NE, Suite 5000, Atlanta, GA 30308 USA. Sie k\u00f6nnen dem Empfang unseres Newsletters jederzeit k\u00fcndigen, d.h. Ihre Einwilligungen widerrufen. Einen Link zur K\u00fcndigung des Newsletters finden Sie am Ende eines jeden Newsletters. Alternativ k\u00f6nnen Sie auch ein E-mail an hello@vonarx-marketing.ch senden.<\/p>\n<p><strong>Cookies<\/strong><br \/>\nCookies sind Informationen, die von unserem Webserver oder Webservern Dritter an die Web-Browser der Nutzer \u00fcbertragen und dort f\u00fcr einen sp\u00e4teren Abruf gespeichert werden. Bei Cookies kann es sich um kleine Dateien oder sonstige Arten der Informationsspeicherung handeln. \u00dcber den Einsatz von Cookies im Rahmen pseudonymer Reichweitenmessung werden die Nutzer im Rahmen dieser Datenschutzerkl\u00e4rung informiert. Die Betrachtung dieses Onlineangebotes ist auch unter Ausschluss von Cookies m\u00f6glich. Falls die Nutzer nicht m\u00f6chten, dass Cookies auf ihrem Rechner gespeichert werden, werden sie gebeten die entsprechende Option in den Systemeinstellungen ihres Browsers zu deaktivieren. Gespeicherte Cookies k\u00f6nnen in den Systemeinstellungen des Browsers gel\u00f6scht werden. Der Ausschluss von Cookies kann zu Funktionseinschr\u00e4nkungen dieses Onlineangebotes f\u00fchren.<\/p>\n<p><strong>Google Analytics<\/strong><br \/>\nWir setzen Google Analytics, einen Webanalysedienst der Google Inc. (\u201eGoogle\u201c) ein. Google verwendet Cookies. Die durch das Cookie erzeugten Informationen \u00fcber Benutzung des Onlineangebotes durch die Nutzer werden in der Regel an einen Server von Google in den USA \u00fcbertragen und dort gespeichert. Google wird diese Informationen in unserem Auftrag benutzen, um die Nutzung unseres Onlineangebotes durch die Nutzer auszuwerten, um Reports \u00fcber die Aktivit\u00e4ten innerhalb dieses Onlineangebotes zusammenzustellen und um weitere mit der Nutzung dieses Onlineangebotes und der Internetnutzung verbundene Dienstleistungen uns gegen\u00fcber zu erbringen. Dabei k\u00f6nnen aus den verarbeiteten Daten pseudonyme Nutzungsprofile der Nutzer erstellt werden. Wir setzen Google Analytics nur mit aktivierter IP-Anonymisierung ein. Das bedeutet, die IP-Adresse der Nutzer wird von Google innerhalb von Mitgliedstaaten der Europ\u00e4ischen Union oder in anderen Vertragsstaaten des Abkommens \u00fcber den Europ\u00e4ischen Wirtschaftsraum gek\u00fcrzt. Nur in Ausnahmef\u00e4llen wird die volle IP-Adresse an einen Server von Google in den USA \u00fcbertragen und dort gek\u00fcrzt. Die von dem Browser des Nutzers \u00fcbermittelte IP-Adresse wird nicht mit anderen Daten von Google zusammengef\u00fchrt. Die Nutzer k\u00f6nnen die Speicherung der Cookies durch eine entsprechende Einstellung ihrer Browser-Software verhindern; die Nutzer k\u00f6nnen dar\u00fcber hinaus die Erfassung der durch das Cookie erzeugten und auf ihre Nutzung des Onlineangebotes bezogenen Daten an Google sowie die Verarbeitung dieser Daten durch Google verhindern, indem sie das unter dem folgenden Link verf\u00fcgbare Browser-Plugin herunterladen und installieren:http:\/\/tools.google.com\/dlpage\/gaoptout?hl=de. Weitere Informationen zur Datennutzung zu Werbezwecken durch Google, Einstellungs- und Widerspruchsm\u00f6glichkeiten erfahren Sie auf den Webseiten von Google.<\/p>\n<p><strong>Facebook<br \/>\n<\/strong>Wir setzten auf unserer Seite und aufgrund unseres berechtigten Interesses an der Analyse, Optimierung und dem Betrieb unseres Online-Angebotes das &#8220;Facebook Pixel&#8221; das von Facebook Inc. 1 Hacker Way, Menlo Park, California 94025, USA betrieben wird, ein. Weiterf\u00fchrende Informationen zur Funktion und Verwendung vom Facebook Pixel finden Sie unter folgendem Link: https:\/\/developers.facebook.com\/docs\/facebook-pixel\/implementation\/gdpr\/?locale=de_DE<\/p>\n<p><strong>IP Tracking<\/strong><br \/>\nAuf unserer Website ist ein zus\u00e4tzlicher Tracking Code hinterlegt. Mit diesem Code k\u00f6nnen wir die Aktivit\u00e4ten auf unserer Website verfolgen und uns Informationen zur IP-Adresse des anfragenden Computers holen. Unser Tool erstellt anschliessend einen WhoIs Request zur Identifizierung von Unternehmen. Unser Tracking-Code enth\u00e4lt nur Informationen, die im \u00f6ffentlichen Bereich leicht verf\u00fcgbar sind (WhoIs Request). Es gibt keine individuellen, pers\u00f6nlichen oder sensiblen Daten dar\u00fcber, wer unsere Website besucht hat. Unser Tool enth\u00e4lt lediglich Informationen dar\u00fcber, welche Unternehmen unsere Website besucht haben, indem das Unternehmen anhand der IP-Adresse identifiziert wird. Diese Daten k\u00f6nnen von uns verwendet werden, um sich mit dem Unternehmen \u00fcber deren Erfahrungen, zu Marketing\/-Akquisezwecken in Verbindung zu setzen. Wir werden diese Daten aus keinem Grund an Dritte weitergeben.<\/p>\n","protected":false},"excerpt":{"rendered":"<p>Grunds\u00e4tzliches Erfahre mehr \u00fcber die Website sowie die Datenverarbeitung auf vonarx-marketing.ch. Datenschutz hat bei von Arx Marketing einen hohen Stellenwert. Wir erheben, verarbeiten und nutzen personenbezogene Daten der Nutzer nur &#8230;<\/p>\n","protected":false},"author":1,"featured_media":0,"parent":0,"menu_order":0,"comment_status":"closed","ping_status":"closed","template":"template-blank-7.php","meta":{"footnotes":""},"class_list":["post-1043","page","type-page","status-publish","hentry","no-post-thumbnail"],"_links":{"self":[{"href":"https:\/\/vonarx-marketing.com\/en\/wp-json\/wp\/v2\/pages\/1043"}],"collection":[{"href":"https:\/\/vonarx-marketing.com\/en\/wp-json\/wp\/v2\/pages"}],"about":[{"href":"https:\/\/vonarx-marketing.com\/en\/wp-json\/wp\/v2\/types\/page"}],"author":[{"embeddable":true,"href":"https:\/\/vonarx-marketing.com\/en\/wp-json\/wp\/v2\/users\/1"}],"replies":[{"embeddable":true,"href":"https:\/\/vonarx-marketing.com\/en\/wp-json\/wp\/v2\/comments?post=1043"}],"version-history":[{"count":8,"href":"https:\/\/vonarx-marketing.com\/en\/wp-json\/wp\/v2\/pages\/1043\/revisions"}],"predecessor-version":[{"id":2987,"href":"https:\/\/vonarx-marketing.com\/en\/wp-json\/wp\/v2\/pages\/1043\/revisions\/2987"}],"wp:attachment":[{"href":"https:\/\/vonarx-marketing.com\/en\/wp-json\/wp\/v2\/media?parent=1043"}],"curies":[{"name":"wp","href":"https:\/\/api.w.org\/{rel}","templated":true}]}}